{"id":2950,"date":"2023-03-20T22:11:07","date_gmt":"2023-03-20T21:11:07","guid":{"rendered":"https:\/\/davidtest.passman.co\/?page_id=2950"},"modified":"2023-04-24T20:00:28","modified_gmt":"2023-04-24T19:00:28","slug":"frissites-ertesito","status":"publish","type":"page","link":"https:\/\/passman.co\/hu\/frissites-ertesito\/","title":{"rendered":"H\u00edrlev\u00e9l feliratkoz\u00e1s"},"content":{"rendered":"\t\t<div data-elementor-type=\"wp-page\" data-elementor-id=\"2950\" class=\"elementor elementor-2950\" data-elementor-post-type=\"page\">\n\t\t\t\t\t\t<section class=\"elementor-section elementor-top-section elementor-element elementor-element-09cb366 elementor-section-boxed elementor-section-height-default elementor-section-height-default\" data-id=\"09cb366\" data-element_type=\"section\">\n\t\t\t\t\t\t<div class=\"elementor-container elementor-column-gap-default\">\n\t\t\t\t\t<div class=\"elementor-column elementor-col-25 elementor-top-column elementor-element elementor-element-444807c\" data-id=\"444807c\" data-element_type=\"column\">\n\t\t\t<div class=\"elementor-widget-wrap\">\n\t\t\t\t\t\t\t<\/div>\n\t\t<\/div>\n\t\t\t\t<div class=\"elementor-column elementor-col-50 elementor-top-column elementor-element elementor-element-bfd1579\" data-id=\"bfd1579\" data-element_type=\"column\">\n\t\t\t<div class=\"elementor-widget-wrap elementor-element-populated\">\n\t\t\t\t\t\t<div class=\"elementor-element elementor-element-763b7ce elementor-widget elementor-widget-image\" data-id=\"763b7ce\" data-element_type=\"widget\" data-widget_type=\"image.default\">\n\t\t\t\t<div class=\"elementor-widget-container\">\n\t\t\t\t\t\t\t\t\t\t\t\t\t<img loading=\"lazy\" decoding=\"async\" loading=\"lazy\" width=\"640\" height=\"512\" src=\"https:\/\/passman.co\/wp-content\/uploads\/2023\/03\/envelope-circle-check-solid-1.svg\" class=\"attachment-full size-full wp-image-2953\" alt=\"\" \/>\t\t\t\t\t\t\t\t\t\t\t\t\t<\/div>\n\t\t\t\t<\/div>\n\t\t\t\t<div class=\"elementor-element elementor-element-f7162bc elementor-widget elementor-widget-heading\" data-id=\"f7162bc\" data-element_type=\"widget\" data-widget_type=\"heading.default\">\n\t\t\t\t<div class=\"elementor-widget-container\">\n\t\t\t<h1 class=\"elementor-heading-title elementor-size-default\">PassMan h\u00edrlev\u00e9l feliratkoz\u00e1s<\/h1>\t\t<\/div>\n\t\t\t\t<\/div>\n\t\t\t\t<div class=\"elementor-element elementor-element-9872996 elementor-widget elementor-widget-heading\" data-id=\"9872996\" data-element_type=\"widget\" data-widget_type=\"heading.default\">\n\t\t\t\t<div class=\"elementor-widget-container\">\n\t\t\t<h2 class=\"elementor-heading-title elementor-size-large\">Legy\u00e9l mindig naprak\u00e9sz, ez a biztons\u00e1g alapja!<\/h2>\t\t<\/div>\n\t\t\t\t<\/div>\n\t\t\t\t<div class=\"elementor-element elementor-element-5a8a5e8 elementor-hidden-tablet elementor-hidden-mobile elementor-widget elementor-widget-spacer\" data-id=\"5a8a5e8\" data-element_type=\"widget\" data-widget_type=\"spacer.default\">\n\t\t\t\t<div class=\"elementor-widget-container\">\n\t\t\t\t\t<div class=\"elementor-spacer\">\n\t\t\t<div class=\"elementor-spacer-inner\"><\/div>\n\t\t<\/div>\n\t\t\t\t<\/div>\n\t\t\t\t<\/div>\n\t\t\t\t<div class=\"elementor-element elementor-element-c0c74ef elementor-widget elementor-widget-text-editor\" data-id=\"c0c74ef\" data-element_type=\"widget\" data-widget_type=\"text-editor.default\">\n\t\t\t\t<div class=\"elementor-widget-container\">\n\t\t\t\t\t\t\t<div class=\"wpforms-container wpforms-container-full\" id=\"wpforms-2899\"><form id=\"wpforms-form-2899\" class=\"wpforms-validate wpforms-form wpforms-ajax-form\" data-formid=\"2899\" method=\"post\" enctype=\"multipart\/form-data\" action=\"\/hu\/wp-json\/wp\/v2\/pages\/2950\" data-token=\"3ffcdf4800861fedb7cbe3f5a49fab4e\"><noscript class=\"wpforms-error-noscript\">Please enable JavaScript in your browser to complete this form.<\/noscript><div class=\"wpforms-field-container\"><div id=\"wpforms-2899-field_10-container\" class=\"wpforms-field wpforms-field-name\" data-field-id=\"10\"><label class=\"wpforms-field-label wpforms-label-hide\" for=\"wpforms-2899-field_10\">Name <span class=\"wpforms-required-label\">*<\/span><\/label><input type=\"text\" id=\"wpforms-2899-field_10\" class=\"wpforms-field-large wpforms-field-required\" name=\"wpforms[fields][10]\" placeholder=\"N\u00e9v*\" required><\/div><div id=\"wpforms-2899-field_2-container\" class=\"wpforms-field wpforms-field-email\" data-field-id=\"2\"><label class=\"wpforms-field-label wpforms-label-hide\" for=\"wpforms-2899-field_2\">Email address <span class=\"wpforms-required-label\">*<\/span><\/label><input type=\"email\" id=\"wpforms-2899-field_2\" class=\"wpforms-field-large wpforms-field-required\" name=\"wpforms[fields][2]\" placeholder=\"Email*\" spellcheck=\"false\" required><\/div><div id=\"wpforms-2899-field_9-container\" class=\"wpforms-field wpforms-field-text\" data-field-id=\"9\"><label class=\"wpforms-field-label wpforms-label-hide\" for=\"wpforms-2899-field_9\">Company name<\/label><input type=\"text\" id=\"wpforms-2899-field_9\" class=\"wpforms-field-large\" name=\"wpforms[fields][9]\" placeholder=\"C\u00e9gn\u00e9v\" ><\/div><div id=\"wpforms-2899-field_11-container\" class=\"wpforms-field wpforms-field-phone\" data-field-id=\"11\"><label class=\"wpforms-field-label wpforms-label-hide\" for=\"wpforms-2899-field_11\">Phone<\/label><input type=\"tel\" id=\"wpforms-2899-field_11\" class=\"wpforms-field-large wpforms-smart-phone-field\" data-rule-smart-phone-field=\"true\" name=\"wpforms[fields][11]\" placeholder=\"Telefon\" ><\/div><div id=\"wpforms-2899-field_5-container\" class=\"wpforms-field wpforms-field-checkbox\" data-field-id=\"5\"><label class=\"wpforms-field-label wpforms-label-hide\" for=\"wpforms-2899-field_5\">Checkboxes <span class=\"wpforms-required-label\">*<\/span><\/label><ul id=\"wpforms-2899-field_5\" class=\"wpforms-field-required\"><li class=\"choice-1 depth-1\"><input type=\"checkbox\" id=\"wpforms-2899-field_5_1\" name=\"wpforms[fields][5][]\" value=\"GDPR*\" required ><label class=\"wpforms-field-label-inline\" for=\"wpforms-2899-field_5_1\">GDPR*<\/label><\/li><\/ul><div class=\"wpforms-field-description\">Elolvastam \u00e9s tudom\u00e1sul vettem az <a href=\"\/aszf\/\" target=\"_blank\" >\u00c1SZF<\/a> \u00e9s az <a href=\"\/adatkezelesi-tajekoztato\/\" target=\"_blank\" >Adatkezel\u00e9si t\u00e1j\u00e9koztat\u00f3<\/a> tartalm\u00e1t.<\/div><\/div><\/div><!-- .wpforms-field-container --><div class=\"wpforms-recaptcha-container wpforms-is-recaptcha\" ><div class=\"g-recaptcha\" data-sitekey=\"6LcJD1cUAAAAABFHw9Jcy3xYoEEhiNYb9dBbjaPV\"><\/div><input type=\"text\" name=\"g-recaptcha-hidden\" class=\"wpforms-recaptcha-hidden\" style=\"position:absolute!important;clip:rect(0,0,0,0)!important;height:1px!important;width:1px!important;border:0!important;overflow:hidden!important;padding:0!important;margin:0!important;\" data-rule-recaptcha=\"1\"><\/div><div class=\"wpforms-submit-container\" ><input type=\"hidden\" name=\"wpforms[id]\" value=\"2899\"><input type=\"hidden\" name=\"wpforms[author]\" value=\"2\"><button type=\"submit\" name=\"wpforms[submit]\" id=\"wpforms-submit-2899\" class=\"wpforms-submit\" data-alt-text=\"K\u00e9rlek v\u00e1rj t\u00fcrelemmel!\" data-submit-text=\"K\u00fcld\u00e9s\" aria-live=\"assertive\" value=\"wpforms-submit\">K\u00fcld\u00e9s<\/button><img decoding=\"async\" src=\"https:\/\/passman.co\/wp-content\/plugins\/wpforms\/assets\/images\/submit-spin.svg\" class=\"wpforms-submit-spinner\" style=\"display: none;\" width=\"26\" height=\"26\" alt=\"Loading\"><\/div><\/form><\/div>  <!-- .wpforms-container -->\t\t\t\t\t\t<\/div>\n\t\t\t\t<\/div>\n\t\t\t\t<div class=\"elementor-element elementor-element-eaab2f0 elementor-hidden-tablet elementor-hidden-mobile elementor-widget elementor-widget-spacer\" data-id=\"eaab2f0\" data-element_type=\"widget\" data-widget_type=\"spacer.default\">\n\t\t\t\t<div class=\"elementor-widget-container\">\n\t\t\t\t\t<div class=\"elementor-spacer\">\n\t\t\t<div class=\"elementor-spacer-inner\"><\/div>\n\t\t<\/div>\n\t\t\t\t<\/div>\n\t\t\t\t<\/div>\n\t\t\t\t\t<\/div>\n\t\t<\/div>\n\t\t\t\t<div class=\"elementor-column elementor-col-25 elementor-top-column elementor-element elementor-element-e4afe8e\" data-id=\"e4afe8e\" data-element_type=\"column\">\n\t\t\t<div class=\"elementor-widget-wrap\">\n\t\t\t\t\t\t\t<\/div>\n\t\t<\/div>\n\t\t\t\t\t<\/div>\n\t\t<\/section>\n\t\t\t\t<\/div>\n\t\t","protected":false},"excerpt":{"rendered":"<p>PassMan h\u00edrlev\u00e9l feliratkoz\u00e1s Legy\u00e9l mindig naprak\u00e9sz, ez a biztons\u00e1g alapja!<\/p>\n","protected":false},"author":2,"featured_media":0,"parent":0,"menu_order":0,"comment_status":"closed","ping_status":"closed","template":"","meta":{"footnotes":""},"class_list":["post-2950","page","type-page","status-publish"],"yoast_head":"<!-- This site is optimized with the Yoast SEO plugin v21.4 - https:\/\/yoast.com\/wordpress\/plugins\/seo\/ -->\n<title>H\u00edrlev\u00e9l feliratkoz\u00e1s - PassMan Password Manager<\/title>\n<meta name=\"robots\" content=\"index, follow, max-snippet:-1, max-image-preview:large, max-video-preview:-1\" \/>\n<link rel=\"canonical\" href=\"https:\/\/passman.co\/hu\/frissites-ertesito\/\" \/>\n<meta property=\"og:locale\" content=\"hu_HU\" \/>\n<meta property=\"og:type\" content=\"article\" \/>\n<meta property=\"og:title\" content=\"H\u00edrlev\u00e9l feliratkoz\u00e1s - PassMan Password Manager\" \/>\n<meta property=\"og:description\" content=\"PassMan h\u00edrlev\u00e9l feliratkoz\u00e1s Legy\u00e9l mindig naprak\u00e9sz, ez a biztons\u00e1g alapja!\" \/>\n<meta property=\"og:url\" content=\"https:\/\/passman.co\/hu\/frissites-ertesito\/\" \/>\n<meta property=\"og:site_name\" content=\"PassMan Password Manager\" \/>\n<meta property=\"article:modified_time\" content=\"2023-04-24T19:00:28+00:00\" \/>\n<meta property=\"og:image\" content=\"https:\/\/passman.co\/wp-content\/uploads\/2023\/03\/envelope-circle-check-solid-1.svg\" \/>\n<meta name=\"twitter:card\" content=\"summary_large_image\" \/>\n<meta name=\"twitter:label1\" content=\"Becs\u00fclt olvas\u00e1si id\u0151\" \/>\n\t<meta name=\"twitter:data1\" content=\"1 perc\" \/>\n<script type=\"application\/ld+json\" class=\"yoast-schema-graph\">{\"@context\":\"https:\/\/schema.org\",\"@graph\":[{\"@type\":\"WebPage\",\"@id\":\"https:\/\/passman.co\/hu\/frissites-ertesito\/\",\"url\":\"https:\/\/passman.co\/hu\/frissites-ertesito\/\",\"name\":\"H\u00edrlev\u00e9l feliratkoz\u00e1s - PassMan Password Manager\",\"isPartOf\":{\"@id\":\"https:\/\/passman.co\/hu\/#website\"},\"datePublished\":\"2023-03-20T21:11:07+00:00\",\"dateModified\":\"2023-04-24T19:00:28+00:00\",\"breadcrumb\":{\"@id\":\"https:\/\/passman.co\/hu\/frissites-ertesito\/#breadcrumb\"},\"inLanguage\":\"hu\",\"potentialAction\":[{\"@type\":\"ReadAction\",\"target\":[\"https:\/\/passman.co\/hu\/frissites-ertesito\/\"]}]},{\"@type\":\"BreadcrumbList\",\"@id\":\"https:\/\/passman.co\/hu\/frissites-ertesito\/#breadcrumb\",\"itemListElement\":[{\"@type\":\"ListItem\",\"position\":1,\"name\":\"Home\",\"item\":\"https:\/\/passman.co\/hu\/\"},{\"@type\":\"ListItem\",\"position\":2,\"name\":\"H\u00edrlev\u00e9l feliratkoz\u00e1s\"}]},{\"@type\":\"WebSite\",\"@id\":\"https:\/\/passman.co\/hu\/#website\",\"url\":\"https:\/\/passman.co\/hu\/\",\"name\":\"PassMan Password Manager\",\"description\":\"Complete password protection for businesses\",\"publisher\":{\"@id\":\"https:\/\/passman.co\/hu\/#organization\"},\"potentialAction\":[{\"@type\":\"SearchAction\",\"target\":{\"@type\":\"EntryPoint\",\"urlTemplate\":\"https:\/\/passman.co\/hu\/?s={search_term_string}\"},\"query-input\":\"required name=search_term_string\"}],\"inLanguage\":\"hu\"},{\"@type\":\"Organization\",\"@id\":\"https:\/\/passman.co\/hu\/#organization\",\"name\":\"PassMan Password Manager\",\"url\":\"https:\/\/passman.co\/hu\/\",\"logo\":{\"@type\":\"ImageObject\",\"inLanguage\":\"hu\",\"@id\":\"https:\/\/passman.co\/hu\/#\/schema\/logo\/image\/\",\"url\":\"https:\/\/passman.co\/wp-content\/uploads\/2023\/03\/cropped-passman-logo-fejlec.png\",\"contentUrl\":\"https:\/\/passman.co\/wp-content\/uploads\/2023\/03\/cropped-passman-logo-fejlec.png\",\"width\":50,\"height\":50,\"caption\":\"PassMan Password Manager\"},\"image\":{\"@id\":\"https:\/\/passman.co\/hu\/#\/schema\/logo\/image\/\"}}]}<\/script>\n<!-- \/ Yoast SEO plugin. -->","yoast_head_json":{"title":"H\u00edrlev\u00e9l feliratkoz\u00e1s - PassMan Password Manager","robots":{"index":"index","follow":"follow","max-snippet":"max-snippet:-1","max-image-preview":"max-image-preview:large","max-video-preview":"max-video-preview:-1"},"canonical":"https:\/\/passman.co\/hu\/frissites-ertesito\/","og_locale":"hu_HU","og_type":"article","og_title":"H\u00edrlev\u00e9l feliratkoz\u00e1s - PassMan Password Manager","og_description":"PassMan h\u00edrlev\u00e9l feliratkoz\u00e1s Legy\u00e9l mindig naprak\u00e9sz, ez a biztons\u00e1g alapja!","og_url":"https:\/\/passman.co\/hu\/frissites-ertesito\/","og_site_name":"PassMan Password Manager","article_modified_time":"2023-04-24T19:00:28+00:00","og_image":[{"url":"https:\/\/passman.co\/wp-content\/uploads\/2023\/03\/envelope-circle-check-solid-1.svg"}],"twitter_card":"summary_large_image","twitter_misc":{"Becs\u00fclt olvas\u00e1si id\u0151":"1 perc"},"schema":{"@context":"https:\/\/schema.org","@graph":[{"@type":"WebPage","@id":"https:\/\/passman.co\/hu\/frissites-ertesito\/","url":"https:\/\/passman.co\/hu\/frissites-ertesito\/","name":"H\u00edrlev\u00e9l feliratkoz\u00e1s - PassMan Password Manager","isPartOf":{"@id":"https:\/\/passman.co\/hu\/#website"},"datePublished":"2023-03-20T21:11:07+00:00","dateModified":"2023-04-24T19:00:28+00:00","breadcrumb":{"@id":"https:\/\/passman.co\/hu\/frissites-ertesito\/#breadcrumb"},"inLanguage":"hu","potentialAction":[{"@type":"ReadAction","target":["https:\/\/passman.co\/hu\/frissites-ertesito\/"]}]},{"@type":"BreadcrumbList","@id":"https:\/\/passman.co\/hu\/frissites-ertesito\/#breadcrumb","itemListElement":[{"@type":"ListItem","position":1,"name":"Home","item":"https:\/\/passman.co\/hu\/"},{"@type":"ListItem","position":2,"name":"H\u00edrlev\u00e9l feliratkoz\u00e1s"}]},{"@type":"WebSite","@id":"https:\/\/passman.co\/hu\/#website","url":"https:\/\/passman.co\/hu\/","name":"PassMan Password Manager","description":"Complete password protection for businesses","publisher":{"@id":"https:\/\/passman.co\/hu\/#organization"},"potentialAction":[{"@type":"SearchAction","target":{"@type":"EntryPoint","urlTemplate":"https:\/\/passman.co\/hu\/?s={search_term_string}"},"query-input":"required name=search_term_string"}],"inLanguage":"hu"},{"@type":"Organization","@id":"https:\/\/passman.co\/hu\/#organization","name":"PassMan Password Manager","url":"https:\/\/passman.co\/hu\/","logo":{"@type":"ImageObject","inLanguage":"hu","@id":"https:\/\/passman.co\/hu\/#\/schema\/logo\/image\/","url":"https:\/\/passman.co\/wp-content\/uploads\/2023\/03\/cropped-passman-logo-fejlec.png","contentUrl":"https:\/\/passman.co\/wp-content\/uploads\/2023\/03\/cropped-passman-logo-fejlec.png","width":50,"height":50,"caption":"PassMan Password Manager"},"image":{"@id":"https:\/\/passman.co\/hu\/#\/schema\/logo\/image\/"}}]}},"_links":{"self":[{"href":"https:\/\/passman.co\/hu\/wp-json\/wp\/v2\/pages\/2950"}],"collection":[{"href":"https:\/\/passman.co\/hu\/wp-json\/wp\/v2\/pages"}],"about":[{"href":"https:\/\/passman.co\/hu\/wp-json\/wp\/v2\/types\/page"}],"author":[{"embeddable":true,"href":"https:\/\/passman.co\/hu\/wp-json\/wp\/v2\/users\/2"}],"replies":[{"embeddable":true,"href":"https:\/\/passman.co\/hu\/wp-json\/wp\/v2\/comments?post=2950"}],"version-history":[{"count":13,"href":"https:\/\/passman.co\/hu\/wp-json\/wp\/v2\/pages\/2950\/revisions"}],"predecessor-version":[{"id":4786,"href":"https:\/\/passman.co\/hu\/wp-json\/wp\/v2\/pages\/2950\/revisions\/4786"}],"wp:attachment":[{"href":"https:\/\/passman.co\/hu\/wp-json\/wp\/v2\/media?parent=2950"}],"curies":[{"name":"wp","href":"https:\/\/api.w.org\/{rel}","templated":true}]}}