{"id":3814,"date":"2023-03-29T13:13:13","date_gmt":"2023-03-29T12:13:13","guid":{"rendered":"https:\/\/davidtest.passman.co\/?page_id=3814"},"modified":"2023-06-19T13:36:17","modified_gmt":"2023-06-19T11:36:17","slug":"koszonjuk","status":"publish","type":"page","link":"https:\/\/passman.co\/hu\/koszonjuk\/","title":{"rendered":"K\u00f6sz\u00f6nj\u00fck! | Regisztr\u00e1ci\u00f3"},"content":{"rendered":"\t\t<div data-elementor-type=\"wp-page\" data-elementor-id=\"3814\" class=\"elementor elementor-3814\" data-elementor-post-type=\"page\">\n\t\t\t\t\t\t<section class=\"elementor-section elementor-top-section elementor-element elementor-element-e8c348e elementor-section-boxed elementor-section-height-default elementor-section-height-default\" data-id=\"e8c348e\" data-element_type=\"section\">\n\t\t\t\t\t\t<div class=\"elementor-container elementor-column-gap-default\">\n\t\t\t\t\t<div class=\"elementor-column elementor-col-100 elementor-top-column elementor-element elementor-element-9ac5623\" data-id=\"9ac5623\" data-element_type=\"column\">\n\t\t\t<div class=\"elementor-widget-wrap elementor-element-populated\">\n\t\t\t\t\t\t<div class=\"elementor-element elementor-element-a6047a4 elementor-widget elementor-widget-image\" data-id=\"a6047a4\" data-element_type=\"widget\" data-widget_type=\"image.default\">\n\t\t\t\t<div class=\"elementor-widget-container\">\n\t\t\t\t\t\t\t\t\t\t\t\t\t<img loading=\"lazy\" decoding=\"async\" loading=\"lazy\" width=\"640\" height=\"512\" src=\"https:\/\/passman.co\/wp-content\/uploads\/2023\/03\/envelope-circle-check-solid-2.svg\" class=\"attachment-large size-large wp-image-3817\" alt=\"\" \/>\t\t\t\t\t\t\t\t\t\t\t\t\t<\/div>\n\t\t\t\t<\/div>\n\t\t\t\t<div class=\"elementor-element elementor-element-a23e7c9 elementor-widget elementor-widget-heading\" data-id=\"a23e7c9\" data-element_type=\"widget\" data-widget_type=\"heading.default\">\n\t\t\t\t<div class=\"elementor-widget-container\">\n\t\t\t<h1 class=\"elementor-heading-title elementor-size-default\">K\u00f6sz\u00f6nj\u00fck, hogy regisztr\u00e1lt\u00e1l!<\/h1>\t\t<\/div>\n\t\t\t\t<\/div>\n\t\t\t\t<div class=\"elementor-element elementor-element-cd2b747 elementor-widget elementor-widget-text-editor\" data-id=\"cd2b747\" data-element_type=\"widget\" data-widget_type=\"text-editor.default\">\n\t\t\t\t<div class=\"elementor-widget-container\">\n\t\t\t\t\t\t\t<p><br \/>K\u00e9rlek, n\u00e9zd meg a bej\u00f6v\u0151 emaileket! Ha n\u00e9h\u00e1ny perc m\u00falva sem l\u00e1tod a level\u00fcnk, n\u00e9zd meg a <strong>\u201cspam\u201d<\/strong> mapp\u00e1t is. Mindent megtesz\u00fcnk, hogy a jelsz\u00f3kezel\u0151d el\u00e9rhet\u0151s\u00e9g\u00e9t min\u00e9l hamarabb megkapd!<\/p>\t\t\t\t\t\t<\/div>\n\t\t\t\t<\/div>\n\t\t\t\t<div class=\"elementor-element elementor-element-b455d5a elementor-align-center elementor-widget elementor-widget-button\" data-id=\"b455d5a\" data-element_type=\"widget\" data-widget_type=\"button.default\">\n\t\t\t\t<div class=\"elementor-widget-container\">\n\t\t\t\t\t<div class=\"elementor-button-wrapper\">\n\t\t\t<a class=\"elementor-button elementor-button-link elementor-size-md\" href=\"\/hu\/oktato-videok\/\">\n\t\t\t\t\t\t<span class=\"elementor-button-content-wrapper\">\n\t\t\t\t\t\t<span class=\"elementor-button-icon\">\n\t\t\t\t<i aria-hidden=\"true\" class=\"fas fa-play-circle\"><\/i>\t\t\t<\/span>\n\t\t\t\t\t\t\t\t\t<span class=\"elementor-button-text\">Oktat\u00f3 vide\u00f3k<\/span>\n\t\t\t\t\t<\/span>\n\t\t\t\t\t<\/a>\n\t\t<\/div>\n\t\t\t\t<\/div>\n\t\t\t\t<\/div>\n\t\t\t\t\t<\/div>\n\t\t<\/div>\n\t\t\t\t\t<\/div>\n\t\t<\/section>\n\t\t\t\t<section class=\"elementor-section elementor-top-section elementor-element elementor-element-7383cf2 elementor-section-height-min-height elementor-section-boxed elementor-section-height-default elementor-section-items-middle\" data-id=\"7383cf2\" data-element_type=\"section\">\n\t\t\t\t\t\t<div class=\"elementor-container elementor-column-gap-default\">\n\t\t\t\t\t<div class=\"elementor-column elementor-col-100 elementor-top-column elementor-element elementor-element-2125bfc\" data-id=\"2125bfc\" data-element_type=\"column\">\n\t\t\t<div class=\"elementor-widget-wrap elementor-element-populated\">\n\t\t\t\t\t\t<div class=\"elementor-element elementor-element-4708168 elementor-widget elementor-widget-heading\" data-id=\"4708168\" data-element_type=\"widget\" data-widget_type=\"heading.default\">\n\t\t\t\t<div class=\"elementor-widget-container\">\n\t\t\t<h2 class=\"elementor-heading-title elementor-size-large\">\u00dcdv\u00f6zl\u00fcnk a PassMan fed\u00e9lzet\u00e9n! <\/h2>\t\t<\/div>\n\t\t\t\t<\/div>\n\t\t\t\t<section class=\"elementor-section elementor-inner-section elementor-element elementor-element-ca4f16b elementor-section-boxed elementor-section-height-default elementor-section-height-default\" data-id=\"ca4f16b\" data-element_type=\"section\">\n\t\t\t\t\t\t<div class=\"elementor-container elementor-column-gap-default\">\n\t\t\t\t\t<div class=\"elementor-column elementor-col-50 elementor-inner-column elementor-element elementor-element-575d940\" data-id=\"575d940\" data-element_type=\"column\">\n\t\t\t<div class=\"elementor-widget-wrap elementor-element-populated\">\n\t\t\t\t\t\t<div class=\"elementor-element elementor-element-a686ea0 elementor-widget elementor-widget-text-editor\" data-id=\"a686ea0\" data-element_type=\"widget\" data-widget_type=\"text-editor.default\">\n\t\t\t\t<div class=\"elementor-widget-container\">\n\t\t\t\t\t\t\t<ol><li><a href=\"https:\/\/wiki.passman.co\/latest\/hu_hu\/user-s-guide\/first-steps-of-use\" target=\"_blank\" rel=\"noopener\"><b>L\u00e9pj be a PassMan-ba<\/b><\/a><\/li><li><a href=\"https:\/\/wiki.passman.co\/latest\/hu_hu\/feature-extenders-for-passman\" target=\"_blank\" rel=\"noopener\"><strong>T\u00f6ltsd le a PassMan b\u00f6ng\u00e9sz\u0151 b\u0151v\u00edtm\u00e9ny\u00e9t<\/strong><\/a><\/li><li><a href=\"https:\/\/wiki.passman.co\/latest\/hu_hu\/user-s-guide\/how-to\/folder-actions\/add-new-folder\" target=\"_blank\" rel=\"noopener\"><strong>Hozz l\u00e9tre mapp\u00e1kat<\/strong><\/a><\/li><li><a href=\"https:\/\/wiki.passman.co\/latest\/hu_hu\/user-s-guide\/1-click-to-targets\" target=\"_blank\" rel=\"noopener\"><strong>Mentsd le az els\u0151 jelsz\u00f3t<\/strong><\/a><\/li><li><a href=\"https:\/\/wiki.passman.co\/latest\/hu_hu\/user-s-guide\/how-to\/local-user-administration\" target=\"_blank\" rel=\"noopener\"><strong>H\u00edvd meg a munkat\u00e1rsaid<\/strong><\/a><\/li><li><a href=\"https:\/\/wiki.passman.co\/latest\/hu_hu\/user-s-guide\/how-to\/change-permissions\" target=\"_blank\" rel=\"noopener\"><strong>Oszd meg a map\u00e1kat a csapatoddal<\/strong><\/a><\/li><\/ol>\t\t\t\t\t\t<\/div>\n\t\t\t\t<\/div>\n\t\t\t\t\t<\/div>\n\t\t<\/div>\n\t\t\t\t<div class=\"elementor-column elementor-col-50 elementor-inner-column elementor-element elementor-element-eb44d21\" data-id=\"eb44d21\" data-element_type=\"column\">\n\t\t\t<div class=\"elementor-widget-wrap elementor-element-populated\">\n\t\t\t\t\t\t<div class=\"elementor-element elementor-element-3f279ed elementor-widget elementor-widget-image\" data-id=\"3f279ed\" data-element_type=\"widget\" data-widget_type=\"image.default\">\n\t\t\t\t<div class=\"elementor-widget-container\">\n\t\t\t\t\t\t\t\t\t\t\t\t\t\t<a href=\"\/wp-content\/uploads\/2023\/03\/PassMan-implementation-guide.pdf\">\n\t\t\t\t\t\t\t<img loading=\"lazy\" decoding=\"async\" loading=\"lazy\" width=\"1024\" height=\"1012\" src=\"https:\/\/passman.co\/wp-content\/uploads\/2023\/03\/passman-implementation-cover-1024x1012-1.jpg\" class=\"elementor-animation-grow attachment-large size-large wp-image-3822\" alt=\"\" srcset=\"https:\/\/passman.co\/wp-content\/uploads\/2023\/03\/passman-implementation-cover-1024x1012-1.jpg 1024w, https:\/\/passman.co\/wp-content\/uploads\/2023\/03\/passman-implementation-cover-1024x1012-1-100x100.jpg 100w, https:\/\/passman.co\/wp-content\/uploads\/2023\/03\/passman-implementation-cover-1024x1012-1-600x593.jpg 600w, https:\/\/passman.co\/wp-content\/uploads\/2023\/03\/passman-implementation-cover-1024x1012-1-300x296.jpg 300w, https:\/\/passman.co\/wp-content\/uploads\/2023\/03\/passman-implementation-cover-1024x1012-1-768x759.jpg 768w\" sizes=\"(max-width: 1024px) 100vw, 1024px\" \/>\t\t\t\t\t\t\t\t<\/a>\n\t\t\t\t\t\t\t\t\t\t\t\t\t<\/div>\n\t\t\t\t<\/div>\n\t\t\t\t\t<\/div>\n\t\t<\/div>\n\t\t\t\t\t<\/div>\n\t\t<\/section>\n\t\t\t\t\t<\/div>\n\t\t<\/div>\n\t\t\t\t\t<\/div>\n\t\t<\/section>\n\t\t\t\t<section class=\"elementor-section elementor-top-section elementor-element elementor-element-c81f608 elementor-section-height-min-height elementor-section-boxed elementor-section-height-default elementor-section-items-middle\" data-id=\"c81f608\" data-element_type=\"section\" data-settings=\"{&quot;background_background&quot;:&quot;classic&quot;}\">\n\t\t\t\t\t\t<div class=\"elementor-container elementor-column-gap-default\">\n\t\t\t\t\t<div class=\"elementor-column elementor-col-50 elementor-top-column elementor-element elementor-element-e878524\" data-id=\"e878524\" data-element_type=\"column\">\n\t\t\t<div class=\"elementor-widget-wrap elementor-element-populated\">\n\t\t\t\t\t\t<div class=\"elementor-element elementor-element-20f1bf3 elementor-widget elementor-widget-heading\" data-id=\"20f1bf3\" data-element_type=\"widget\" data-widget_type=\"heading.default\">\n\t\t\t\t<div class=\"elementor-widget-container\">\n\t\t\t<h2 class=\"elementor-heading-title elementor-size-large\">K\u00e9rj szoftverbemutat\u00f3t!<\/h2>\t\t<\/div>\n\t\t\t\t<\/div>\n\t\t\t\t<div class=\"elementor-element elementor-element-1ec8a38 elementor-widget elementor-widget-text-editor\" data-id=\"1ec8a38\" data-element_type=\"widget\" data-widget_type=\"text-editor.default\">\n\t\t\t\t<div class=\"elementor-widget-container\">\n\t\t\t\t\t\t\t<p><br \/>Munkat\u00e1rsaink egy online meeting alatt mutatj\u00e1k be a szoftver f\u0151bb funkci\u00f3it \u00e9s minden k\u00e9rd\u00e9sedre k\u00e9szs\u00e9gesen v\u00e1laszolnak!<\/p>\t\t\t\t\t\t<\/div>\n\t\t\t\t<\/div>\n\t\t\t\t<div class=\"elementor-element elementor-element-ec09914 elementor-align-center elementor-widget elementor-widget-button\" data-id=\"ec09914\" data-element_type=\"widget\" data-widget_type=\"button.default\">\n\t\t\t\t<div class=\"elementor-widget-container\">\n\t\t\t\t\t<div class=\"elementor-button-wrapper\">\n\t\t\t<a class=\"elementor-button elementor-button-link elementor-size-md\" href=\"\/hu\/szoftverbemutato\">\n\t\t\t\t\t\t<span class=\"elementor-button-content-wrapper\">\n\t\t\t\t\t\t\t\t\t<span class=\"elementor-button-text\">Szoftverbemutat\u00f3<\/span>\n\t\t\t\t\t<\/span>\n\t\t\t\t\t<\/a>\n\t\t<\/div>\n\t\t\t\t<\/div>\n\t\t\t\t<\/div>\n\t\t\t\t\t<\/div>\n\t\t<\/div>\n\t\t\t\t<div class=\"elementor-column elementor-col-50 elementor-top-column elementor-element elementor-element-dac839c\" data-id=\"dac839c\" data-element_type=\"column\">\n\t\t\t<div class=\"elementor-widget-wrap elementor-element-populated\">\n\t\t\t\t\t\t<div class=\"elementor-element elementor-element-843ca93 elementor-widget elementor-widget-image\" data-id=\"843ca93\" data-element_type=\"widget\" data-widget_type=\"image.default\">\n\t\t\t\t<div class=\"elementor-widget-container\">\n\t\t\t\t\t\t\t\t\t\t\t\t\t\t<a href=\"\/szoftverbemutato\">\n\t\t\t\t\t\t\t<img loading=\"lazy\" decoding=\"async\" loading=\"lazy\" width=\"1024\" height=\"474\" src=\"https:\/\/passman.co\/wp-content\/uploads\/2023\/02\/software_demonstration-1024x474.jpg\" class=\"elementor-animation-grow attachment-large size-large wp-image-190\" alt=\"software demonstration\" srcset=\"https:\/\/passman.co\/wp-content\/uploads\/2023\/02\/software_demonstration-1024x474.jpg 1024w, https:\/\/passman.co\/wp-content\/uploads\/2023\/02\/elementor\/thumbs\/software_demonstration-r2qxrokhgcn4jiv22wytcmh4qyewciij6n5j9yauvw.jpg 600w, https:\/\/passman.co\/wp-content\/uploads\/2023\/02\/software_demonstration-300x139.jpg 300w, https:\/\/passman.co\/wp-content\/uploads\/2023\/02\/software_demonstration-768x355.jpg 768w, https:\/\/passman.co\/wp-content\/uploads\/2023\/02\/software_demonstration-1536x710.jpg 1536w, https:\/\/passman.co\/wp-content\/uploads\/2023\/02\/software_demonstration.jpg 1920w\" sizes=\"(max-width: 1024px) 100vw, 1024px\" \/>\t\t\t\t\t\t\t\t<\/a>\n\t\t\t\t\t\t\t\t\t\t\t\t\t<\/div>\n\t\t\t\t<\/div>\n\t\t\t\t\t<\/div>\n\t\t<\/div>\n\t\t\t\t\t<\/div>\n\t\t<\/section>\n\t\t\t\t<\/div>\n\t\t","protected":false},"excerpt":{"rendered":"<p>K\u00f6sz\u00f6nj\u00fck, hogy regisztr\u00e1lt\u00e1l! K\u00e9rlek, n\u00e9zd meg a bej\u00f6v\u0151 emaileket! Ha n\u00e9h\u00e1ny perc m\u00falva sem l\u00e1tod a level\u00fcnk, n\u00e9zd meg a \u201cspam\u201d mapp\u00e1t is. Mindent megtesz\u00fcnk, hogy a jelsz\u00f3kezel\u0151d el\u00e9rhet\u0151s\u00e9g\u00e9t min\u00e9l hamarabb megkapd! Oktat\u00f3 vide\u00f3k \u00dcdv\u00f6zl\u00fcnk a PassMan fed\u00e9lzet\u00e9n! L\u00e9pj be a PassMan-ba T\u00f6ltsd le a PassMan b\u00f6ng\u00e9sz\u0151 b\u0151v\u00edtm\u00e9ny\u00e9t Hozz l\u00e9tre mapp\u00e1kat Mentsd le az els\u0151 &#8230; <a title=\"K\u00f6sz\u00f6nj\u00fck! | Regisztr\u00e1ci\u00f3\" class=\"read-more\" href=\"https:\/\/passman.co\/hu\/koszonjuk\/\" aria-label=\"Tov\u00e1bbiak K\u00f6sz\u00f6nj\u00fck! | Regisztr\u00e1ci\u00f3\">Olvass tov\u00e1bb<\/a><\/p>\n","protected":false},"author":1,"featured_media":0,"parent":0,"menu_order":0,"comment_status":"closed","ping_status":"closed","template":"","meta":{"footnotes":""},"class_list":["post-3814","page","type-page","status-publish"],"yoast_head":"<!-- This site is optimized with the Yoast SEO plugin v21.4 - https:\/\/yoast.com\/wordpress\/plugins\/seo\/ -->\n<title>K\u00f6sz\u00f6nj\u00fck! | Regisztr\u00e1ci\u00f3 - PassMan Password Manager<\/title>\n<meta name=\"robots\" content=\"index, follow, max-snippet:-1, max-image-preview:large, max-video-preview:-1\" \/>\n<link rel=\"canonical\" href=\"https:\/\/passman.co\/hu\/koszonjuk\/\" \/>\n<meta property=\"og:locale\" content=\"hu_HU\" \/>\n<meta property=\"og:type\" content=\"article\" \/>\n<meta property=\"og:title\" content=\"K\u00f6sz\u00f6nj\u00fck! | Regisztr\u00e1ci\u00f3 - PassMan Password Manager\" \/>\n<meta property=\"og:description\" content=\"K\u00f6sz\u00f6nj\u00fck, hogy regisztr\u00e1lt\u00e1l! K\u00e9rlek, n\u00e9zd meg a bej\u00f6v\u0151 emaileket! Ha n\u00e9h\u00e1ny perc m\u00falva sem l\u00e1tod a level\u00fcnk, n\u00e9zd meg a \u201cspam\u201d mapp\u00e1t is. Mindent megtesz\u00fcnk, hogy a jelsz\u00f3kezel\u0151d el\u00e9rhet\u0151s\u00e9g\u00e9t min\u00e9l hamarabb megkapd! Oktat\u00f3 vide\u00f3k \u00dcdv\u00f6zl\u00fcnk a PassMan fed\u00e9lzet\u00e9n! L\u00e9pj be a PassMan-ba T\u00f6ltsd le a PassMan b\u00f6ng\u00e9sz\u0151 b\u0151v\u00edtm\u00e9ny\u00e9t Hozz l\u00e9tre mapp\u00e1kat Mentsd le az els\u0151 ... Olvass tov\u00e1bb\" \/>\n<meta property=\"og:url\" content=\"https:\/\/passman.co\/hu\/koszonjuk\/\" \/>\n<meta property=\"og:site_name\" content=\"PassMan Password Manager\" \/>\n<meta property=\"article:modified_time\" content=\"2023-06-19T11:36:17+00:00\" \/>\n<meta property=\"og:image\" content=\"https:\/\/passman.co\/wp-content\/uploads\/2023\/03\/envelope-circle-check-solid-2.svg\" \/>\n<meta name=\"twitter:card\" content=\"summary_large_image\" \/>\n<meta name=\"twitter:label1\" content=\"Becs\u00fclt olvas\u00e1si id\u0151\" \/>\n\t<meta name=\"twitter:data1\" content=\"2 perc\" \/>\n<script type=\"application\/ld+json\" class=\"yoast-schema-graph\">{\"@context\":\"https:\/\/schema.org\",\"@graph\":[{\"@type\":\"WebPage\",\"@id\":\"https:\/\/passman.co\/hu\/koszonjuk\/\",\"url\":\"https:\/\/passman.co\/hu\/koszonjuk\/\",\"name\":\"K\u00f6sz\u00f6nj\u00fck! | Regisztr\u00e1ci\u00f3 - PassMan Password Manager\",\"isPartOf\":{\"@id\":\"https:\/\/passman.co\/hu\/#website\"},\"datePublished\":\"2023-03-29T12:13:13+00:00\",\"dateModified\":\"2023-06-19T11:36:17+00:00\",\"breadcrumb\":{\"@id\":\"https:\/\/passman.co\/hu\/koszonjuk\/#breadcrumb\"},\"inLanguage\":\"hu\",\"potentialAction\":[{\"@type\":\"ReadAction\",\"target\":[\"https:\/\/passman.co\/hu\/koszonjuk\/\"]}]},{\"@type\":\"BreadcrumbList\",\"@id\":\"https:\/\/passman.co\/hu\/koszonjuk\/#breadcrumb\",\"itemListElement\":[{\"@type\":\"ListItem\",\"position\":1,\"name\":\"Home\",\"item\":\"https:\/\/passman.co\/hu\/\"},{\"@type\":\"ListItem\",\"position\":2,\"name\":\"K\u00f6sz\u00f6nj\u00fck! | Regisztr\u00e1ci\u00f3\"}]},{\"@type\":\"WebSite\",\"@id\":\"https:\/\/passman.co\/hu\/#website\",\"url\":\"https:\/\/passman.co\/hu\/\",\"name\":\"PassMan Password Manager\",\"description\":\"Complete password protection for businesses\",\"publisher\":{\"@id\":\"https:\/\/passman.co\/hu\/#organization\"},\"potentialAction\":[{\"@type\":\"SearchAction\",\"target\":{\"@type\":\"EntryPoint\",\"urlTemplate\":\"https:\/\/passman.co\/hu\/?s={search_term_string}\"},\"query-input\":\"required name=search_term_string\"}],\"inLanguage\":\"hu\"},{\"@type\":\"Organization\",\"@id\":\"https:\/\/passman.co\/hu\/#organization\",\"name\":\"PassMan Password Manager\",\"url\":\"https:\/\/passman.co\/hu\/\",\"logo\":{\"@type\":\"ImageObject\",\"inLanguage\":\"hu\",\"@id\":\"https:\/\/passman.co\/hu\/#\/schema\/logo\/image\/\",\"url\":\"https:\/\/passman.co\/wp-content\/uploads\/2023\/03\/cropped-passman-logo-fejlec.png\",\"contentUrl\":\"https:\/\/passman.co\/wp-content\/uploads\/2023\/03\/cropped-passman-logo-fejlec.png\",\"width\":50,\"height\":50,\"caption\":\"PassMan Password Manager\"},\"image\":{\"@id\":\"https:\/\/passman.co\/hu\/#\/schema\/logo\/image\/\"}}]}<\/script>\n<!-- \/ Yoast SEO plugin. -->","yoast_head_json":{"title":"K\u00f6sz\u00f6nj\u00fck! | Regisztr\u00e1ci\u00f3 - PassMan Password Manager","robots":{"index":"index","follow":"follow","max-snippet":"max-snippet:-1","max-image-preview":"max-image-preview:large","max-video-preview":"max-video-preview:-1"},"canonical":"https:\/\/passman.co\/hu\/koszonjuk\/","og_locale":"hu_HU","og_type":"article","og_title":"K\u00f6sz\u00f6nj\u00fck! | Regisztr\u00e1ci\u00f3 - PassMan Password Manager","og_description":"K\u00f6sz\u00f6nj\u00fck, hogy regisztr\u00e1lt\u00e1l! K\u00e9rlek, n\u00e9zd meg a bej\u00f6v\u0151 emaileket! Ha n\u00e9h\u00e1ny perc m\u00falva sem l\u00e1tod a level\u00fcnk, n\u00e9zd meg a \u201cspam\u201d mapp\u00e1t is. Mindent megtesz\u00fcnk, hogy a jelsz\u00f3kezel\u0151d el\u00e9rhet\u0151s\u00e9g\u00e9t min\u00e9l hamarabb megkapd! Oktat\u00f3 vide\u00f3k \u00dcdv\u00f6zl\u00fcnk a PassMan fed\u00e9lzet\u00e9n! L\u00e9pj be a PassMan-ba T\u00f6ltsd le a PassMan b\u00f6ng\u00e9sz\u0151 b\u0151v\u00edtm\u00e9ny\u00e9t Hozz l\u00e9tre mapp\u00e1kat Mentsd le az els\u0151 ... Olvass tov\u00e1bb","og_url":"https:\/\/passman.co\/hu\/koszonjuk\/","og_site_name":"PassMan Password Manager","article_modified_time":"2023-06-19T11:36:17+00:00","og_image":[{"url":"https:\/\/passman.co\/wp-content\/uploads\/2023\/03\/envelope-circle-check-solid-2.svg"}],"twitter_card":"summary_large_image","twitter_misc":{"Becs\u00fclt olvas\u00e1si id\u0151":"2 perc"},"schema":{"@context":"https:\/\/schema.org","@graph":[{"@type":"WebPage","@id":"https:\/\/passman.co\/hu\/koszonjuk\/","url":"https:\/\/passman.co\/hu\/koszonjuk\/","name":"K\u00f6sz\u00f6nj\u00fck! | Regisztr\u00e1ci\u00f3 - PassMan Password Manager","isPartOf":{"@id":"https:\/\/passman.co\/hu\/#website"},"datePublished":"2023-03-29T12:13:13+00:00","dateModified":"2023-06-19T11:36:17+00:00","breadcrumb":{"@id":"https:\/\/passman.co\/hu\/koszonjuk\/#breadcrumb"},"inLanguage":"hu","potentialAction":[{"@type":"ReadAction","target":["https:\/\/passman.co\/hu\/koszonjuk\/"]}]},{"@type":"BreadcrumbList","@id":"https:\/\/passman.co\/hu\/koszonjuk\/#breadcrumb","itemListElement":[{"@type":"ListItem","position":1,"name":"Home","item":"https:\/\/passman.co\/hu\/"},{"@type":"ListItem","position":2,"name":"K\u00f6sz\u00f6nj\u00fck! | Regisztr\u00e1ci\u00f3"}]},{"@type":"WebSite","@id":"https:\/\/passman.co\/hu\/#website","url":"https:\/\/passman.co\/hu\/","name":"PassMan Password Manager","description":"Complete password protection for businesses","publisher":{"@id":"https:\/\/passman.co\/hu\/#organization"},"potentialAction":[{"@type":"SearchAction","target":{"@type":"EntryPoint","urlTemplate":"https:\/\/passman.co\/hu\/?s={search_term_string}"},"query-input":"required name=search_term_string"}],"inLanguage":"hu"},{"@type":"Organization","@id":"https:\/\/passman.co\/hu\/#organization","name":"PassMan Password Manager","url":"https:\/\/passman.co\/hu\/","logo":{"@type":"ImageObject","inLanguage":"hu","@id":"https:\/\/passman.co\/hu\/#\/schema\/logo\/image\/","url":"https:\/\/passman.co\/wp-content\/uploads\/2023\/03\/cropped-passman-logo-fejlec.png","contentUrl":"https:\/\/passman.co\/wp-content\/uploads\/2023\/03\/cropped-passman-logo-fejlec.png","width":50,"height":50,"caption":"PassMan Password Manager"},"image":{"@id":"https:\/\/passman.co\/hu\/#\/schema\/logo\/image\/"}}]}},"_links":{"self":[{"href":"https:\/\/passman.co\/hu\/wp-json\/wp\/v2\/pages\/3814"}],"collection":[{"href":"https:\/\/passman.co\/hu\/wp-json\/wp\/v2\/pages"}],"about":[{"href":"https:\/\/passman.co\/hu\/wp-json\/wp\/v2\/types\/page"}],"author":[{"embeddable":true,"href":"https:\/\/passman.co\/hu\/wp-json\/wp\/v2\/users\/1"}],"replies":[{"embeddable":true,"href":"https:\/\/passman.co\/hu\/wp-json\/wp\/v2\/comments?post=3814"}],"version-history":[{"count":8,"href":"https:\/\/passman.co\/hu\/wp-json\/wp\/v2\/pages\/3814\/revisions"}],"predecessor-version":[{"id":5982,"href":"https:\/\/passman.co\/hu\/wp-json\/wp\/v2\/pages\/3814\/revisions\/5982"}],"wp:attachment":[{"href":"https:\/\/passman.co\/hu\/wp-json\/wp\/v2\/media?parent=3814"}],"curies":[{"name":"wp","href":"https:\/\/api.w.org\/{rel}","templated":true}]}}