{"id":6824,"date":"2023-09-05T11:30:10","date_gmt":"2023-09-05T09:30:10","guid":{"rendered":"https:\/\/passman.co\/?page_id=6824"},"modified":"2023-11-24T14:27:56","modified_gmt":"2023-11-24T13:27:56","slug":"112-2","status":"publish","type":"page","link":"https:\/\/passman.co\/hu\/112-2\/","title":{"rendered":"Automatikus Jelsz\u00f3kit\u00f6lt\u00e9s (iOS)"},"content":{"rendered":"<h1>PassMan AutoFill (iOS) be\u00e1ll\u00edt\u00e1s<\/h1>\n<h2>Gyors \u00e9s biztons\u00e1gos bel\u00e9p\u00e9s alkalmaz\u00e1sokba \u00e9s weboldalakra az automatikus jelsz\u00f3kit\u00f6lt\u00e9s funkci\u00f3j\u00e1val.<\/h2>\n<ol>\n<li>Nyisd meg az iOS <strong>Be\u00e1ll\u00edt\u00e1sokat<\/strong><\/li>\n<li>V\u00e1laszd a <strong>Jelszavak<\/strong> lehet\u0151s\u00e9get<em>&nbsp;<\/em><\/li>\n<li>V\u00e1laszd ki a <strong>Jelsz\u00f3be\u00e1ll\u00edt\u00e1sok<\/strong> opci\u00f3t<\/li>\n<li>Kapcsold be az <strong>Automatikus jelsz\u00f3kit\u00f6lt\u00e9s<\/strong> funkci\u00f3t<\/li>\n<li>V\u00e1laszd ki a <strong>PassMan<\/strong>-t<\/li>\n<\/ol>\n<ul>\n<li>\n\t\t\t\t\t\t\t\t\t\t<b>1.<\/b> L\u00e9pj be az iOS <b>Be\u00e1ll\u00edt\u00e1sok<\/b> alkalmaz\u00e1sba<\/li>\n<li>\n\t\t\t\t\t\t\t\t\t\t<b>2.<\/b> V\u00e1laszd a <b>Jelszavak<\/b> lehet\u0151s\u00e9get<\/li>\n<li>\n\t\t\t\t\t\t\t\t\t\t<b>3.<\/b>V\u00e1laszd ki a <b>Jelsz\u00f3be\u00e1ll\u00edt\u00e1sok<\/b> opci\u00f3t<\/li>\n<li>\n\t\t\t\t\t\t\t\t\t\t<b>3.<\/b>Keres\u0151sz\u00f3: \u201eKit\u00f6\u201d -&gt;Jelszavak automatikus kit\u00f6lt\u00e9se<\/li>\n<li>\n\t\t\t\t\t\t\t\t\t\t<b>4.<\/b>Kapcsold be az <b>automatikus jelsz\u00f3kit\u00f6lt\u00e9s<\/b>-t<\/li>\n<li>\n\t\t\t\t\t\t\t\t\t\t<b>5.<\/b>V\u00e1laszd ki a <b>PassMan<\/b>-t<\/li>\n<\/ul>\n<p><img loading=\"lazy\" decoding=\"async\" width=\"690\" height=\"590\" src=\"https:\/\/passman.co\/wp-content\/uploads\/2023\/10\/passman-autofill-ios-hu-1.png\" alt=\"\" loading=\"lazy\" srcset=\"https:\/\/passman.co\/wp-content\/uploads\/2023\/10\/passman-autofill-ios-hu-1.png 690w, https:\/\/passman.co\/wp-content\/uploads\/2023\/10\/passman-autofill-ios-hu-1-300x257.png 300w, https:\/\/passman.co\/wp-content\/uploads\/2023\/10\/passman-autofill-ios-hu-1-600x513.png 600w\" sizes=\"(max-width: 690px) 100vw, 690px\"><\/p>\n","protected":false},"excerpt":{"rendered":"<p>PassMan AutoFill (iOS) be\u00e1ll\u00edt\u00e1s Gyors \u00e9s biztons\u00e1gos bel\u00e9p\u00e9s alkalmaz\u00e1sokba \u00e9s weboldalakra az automatikus jelsz\u00f3kit\u00f6lt\u00e9s funkci\u00f3j\u00e1val. Nyisd meg az iOS Be\u00e1ll\u00edt\u00e1sokat V\u00e1laszd a Jelszavak lehet\u0151s\u00e9get&nbsp; V\u00e1laszd ki a Jelsz\u00f3be\u00e1ll\u00edt\u00e1sok opci\u00f3t Kapcsold be az Automatikus jelsz\u00f3kit\u00f6lt\u00e9s funkci\u00f3t V\u00e1laszd ki a PassMan-t 1. L\u00e9pj be az iOS Be\u00e1ll\u00edt\u00e1sok alkalmaz\u00e1sba 2. V\u00e1laszd a Jelszavak lehet\u0151s\u00e9get 3.V\u00e1laszd ki a Jelsz\u00f3be\u00e1ll\u00edt\u00e1sok &#8230; <a title=\"Automatikus Jelsz\u00f3kit\u00f6lt\u00e9s (iOS)\" class=\"read-more\" href=\"https:\/\/passman.co\/hu\/112-2\/\" aria-label=\"Tov\u00e1bbiak Automatikus Jelsz\u00f3kit\u00f6lt\u00e9s (iOS)\">Olvass tov\u00e1bb<\/a><\/p>\n","protected":false},"author":2,"featured_media":0,"parent":0,"menu_order":0,"comment_status":"closed","ping_status":"closed","template":"","meta":{"footnotes":""},"class_list":["post-6824","page","type-page","status-publish"],"yoast_head":"<!-- This site is optimized with the Yoast SEO plugin v21.4 - https:\/\/yoast.com\/wordpress\/plugins\/seo\/ -->\n<title>Automatikus Jelsz\u00f3kit\u00f6lt\u00e9s (iOS) - PassMan Password Manager<\/title>\n<meta name=\"description\" content=\"Egyszer\u0171 \u00fatmutat\u00f3 a PassMan iOS appj\u00e1hoz, amely automatikusan k\u00e9pes kit\u00f6lteni a jelszavakat, amikor bel\u00e9psz egy c\u00e9lrendszerre.\" \/>\n<meta name=\"robots\" content=\"index, follow, max-snippet:-1, max-image-preview:large, max-video-preview:-1\" \/>\n<link rel=\"canonical\" href=\"https:\/\/passman.co\/hu\/112-2\/\" \/>\n<meta property=\"og:locale\" content=\"hu_HU\" \/>\n<meta property=\"og:type\" content=\"article\" \/>\n<meta property=\"og:title\" content=\"Automatikus Jelsz\u00f3kit\u00f6lt\u00e9s (iOS) - PassMan Password Manager\" \/>\n<meta property=\"og:description\" content=\"Egyszer\u0171 \u00fatmutat\u00f3 a PassMan iOS appj\u00e1hoz, amely automatikusan k\u00e9pes kit\u00f6lteni a jelszavakat, amikor bel\u00e9psz egy c\u00e9lrendszerre.\" \/>\n<meta property=\"og:url\" content=\"https:\/\/passman.co\/hu\/112-2\/\" \/>\n<meta property=\"og:site_name\" content=\"PassMan Password Manager\" \/>\n<meta property=\"article:modified_time\" content=\"2023-11-24T13:27:56+00:00\" \/>\n<meta property=\"og:image\" content=\"https:\/\/passman.co\/wp-content\/uploads\/2023\/10\/passman-autofill-ios-hu-1.png\" \/>\n<meta name=\"twitter:card\" content=\"summary_large_image\" \/>\n<meta name=\"twitter:label1\" content=\"Becs\u00fclt olvas\u00e1si id\u0151\" \/>\n\t<meta name=\"twitter:data1\" content=\"1 perc\" \/>\n<script type=\"application\/ld+json\" class=\"yoast-schema-graph\">{\"@context\":\"https:\/\/schema.org\",\"@graph\":[{\"@type\":\"WebPage\",\"@id\":\"https:\/\/passman.co\/hu\/112-2\/\",\"url\":\"https:\/\/passman.co\/hu\/112-2\/\",\"name\":\"Automatikus Jelsz\u00f3kit\u00f6lt\u00e9s (iOS) - PassMan Password Manager\",\"isPartOf\":{\"@id\":\"https:\/\/passman.co\/hu\/#website\"},\"datePublished\":\"2023-09-05T09:30:10+00:00\",\"dateModified\":\"2023-11-24T13:27:56+00:00\",\"description\":\"Egyszer\u0171 \u00fatmutat\u00f3 a PassMan iOS appj\u00e1hoz, amely automatikusan k\u00e9pes kit\u00f6lteni a jelszavakat, amikor bel\u00e9psz egy c\u00e9lrendszerre.\",\"breadcrumb\":{\"@id\":\"https:\/\/passman.co\/hu\/112-2\/#breadcrumb\"},\"inLanguage\":\"hu\",\"potentialAction\":[{\"@type\":\"ReadAction\",\"target\":[\"https:\/\/passman.co\/hu\/112-2\/\"]}]},{\"@type\":\"BreadcrumbList\",\"@id\":\"https:\/\/passman.co\/hu\/112-2\/#breadcrumb\",\"itemListElement\":[{\"@type\":\"ListItem\",\"position\":1,\"name\":\"Home\",\"item\":\"https:\/\/passman.co\/hu\/\"},{\"@type\":\"ListItem\",\"position\":2,\"name\":\"Automatikus Jelsz\u00f3kit\u00f6lt\u00e9s (iOS)\"}]},{\"@type\":\"WebSite\",\"@id\":\"https:\/\/passman.co\/hu\/#website\",\"url\":\"https:\/\/passman.co\/hu\/\",\"name\":\"PassMan Password Manager\",\"description\":\"Complete password protection for businesses\",\"publisher\":{\"@id\":\"https:\/\/passman.co\/hu\/#organization\"},\"potentialAction\":[{\"@type\":\"SearchAction\",\"target\":{\"@type\":\"EntryPoint\",\"urlTemplate\":\"https:\/\/passman.co\/hu\/?s={search_term_string}\"},\"query-input\":\"required name=search_term_string\"}],\"inLanguage\":\"hu\"},{\"@type\":\"Organization\",\"@id\":\"https:\/\/passman.co\/hu\/#organization\",\"name\":\"PassMan Password Manager\",\"url\":\"https:\/\/passman.co\/hu\/\",\"logo\":{\"@type\":\"ImageObject\",\"inLanguage\":\"hu\",\"@id\":\"https:\/\/passman.co\/hu\/#\/schema\/logo\/image\/\",\"url\":\"https:\/\/passman.co\/wp-content\/uploads\/2023\/03\/cropped-passman-logo-fejlec.png\",\"contentUrl\":\"https:\/\/passman.co\/wp-content\/uploads\/2023\/03\/cropped-passman-logo-fejlec.png\",\"width\":50,\"height\":50,\"caption\":\"PassMan Password Manager\"},\"image\":{\"@id\":\"https:\/\/passman.co\/hu\/#\/schema\/logo\/image\/\"}}]}<\/script>\n<!-- \/ Yoast SEO plugin. -->","yoast_head_json":{"title":"Automatikus Jelsz\u00f3kit\u00f6lt\u00e9s (iOS) - PassMan Password Manager","description":"Egyszer\u0171 \u00fatmutat\u00f3 a PassMan iOS appj\u00e1hoz, amely automatikusan k\u00e9pes kit\u00f6lteni a jelszavakat, amikor bel\u00e9psz egy c\u00e9lrendszerre.","robots":{"index":"index","follow":"follow","max-snippet":"max-snippet:-1","max-image-preview":"max-image-preview:large","max-video-preview":"max-video-preview:-1"},"canonical":"https:\/\/passman.co\/hu\/112-2\/","og_locale":"hu_HU","og_type":"article","og_title":"Automatikus Jelsz\u00f3kit\u00f6lt\u00e9s (iOS) - PassMan Password Manager","og_description":"Egyszer\u0171 \u00fatmutat\u00f3 a PassMan iOS appj\u00e1hoz, amely automatikusan k\u00e9pes kit\u00f6lteni a jelszavakat, amikor bel\u00e9psz egy c\u00e9lrendszerre.","og_url":"https:\/\/passman.co\/hu\/112-2\/","og_site_name":"PassMan Password Manager","article_modified_time":"2023-11-24T13:27:56+00:00","og_image":[{"url":"https:\/\/passman.co\/wp-content\/uploads\/2023\/10\/passman-autofill-ios-hu-1.png"}],"twitter_card":"summary_large_image","twitter_misc":{"Becs\u00fclt olvas\u00e1si id\u0151":"1 perc"},"schema":{"@context":"https:\/\/schema.org","@graph":[{"@type":"WebPage","@id":"https:\/\/passman.co\/hu\/112-2\/","url":"https:\/\/passman.co\/hu\/112-2\/","name":"Automatikus Jelsz\u00f3kit\u00f6lt\u00e9s (iOS) - PassMan Password Manager","isPartOf":{"@id":"https:\/\/passman.co\/hu\/#website"},"datePublished":"2023-09-05T09:30:10+00:00","dateModified":"2023-11-24T13:27:56+00:00","description":"Egyszer\u0171 \u00fatmutat\u00f3 a PassMan iOS appj\u00e1hoz, amely automatikusan k\u00e9pes kit\u00f6lteni a jelszavakat, amikor bel\u00e9psz egy c\u00e9lrendszerre.","breadcrumb":{"@id":"https:\/\/passman.co\/hu\/112-2\/#breadcrumb"},"inLanguage":"hu","potentialAction":[{"@type":"ReadAction","target":["https:\/\/passman.co\/hu\/112-2\/"]}]},{"@type":"BreadcrumbList","@id":"https:\/\/passman.co\/hu\/112-2\/#breadcrumb","itemListElement":[{"@type":"ListItem","position":1,"name":"Home","item":"https:\/\/passman.co\/hu\/"},{"@type":"ListItem","position":2,"name":"Automatikus Jelsz\u00f3kit\u00f6lt\u00e9s (iOS)"}]},{"@type":"WebSite","@id":"https:\/\/passman.co\/hu\/#website","url":"https:\/\/passman.co\/hu\/","name":"PassMan Password Manager","description":"Complete password protection for businesses","publisher":{"@id":"https:\/\/passman.co\/hu\/#organization"},"potentialAction":[{"@type":"SearchAction","target":{"@type":"EntryPoint","urlTemplate":"https:\/\/passman.co\/hu\/?s={search_term_string}"},"query-input":"required name=search_term_string"}],"inLanguage":"hu"},{"@type":"Organization","@id":"https:\/\/passman.co\/hu\/#organization","name":"PassMan Password Manager","url":"https:\/\/passman.co\/hu\/","logo":{"@type":"ImageObject","inLanguage":"hu","@id":"https:\/\/passman.co\/hu\/#\/schema\/logo\/image\/","url":"https:\/\/passman.co\/wp-content\/uploads\/2023\/03\/cropped-passman-logo-fejlec.png","contentUrl":"https:\/\/passman.co\/wp-content\/uploads\/2023\/03\/cropped-passman-logo-fejlec.png","width":50,"height":50,"caption":"PassMan Password Manager"},"image":{"@id":"https:\/\/passman.co\/hu\/#\/schema\/logo\/image\/"}}]}},"_links":{"self":[{"href":"https:\/\/passman.co\/hu\/wp-json\/wp\/v2\/pages\/6824"}],"collection":[{"href":"https:\/\/passman.co\/hu\/wp-json\/wp\/v2\/pages"}],"about":[{"href":"https:\/\/passman.co\/hu\/wp-json\/wp\/v2\/types\/page"}],"author":[{"embeddable":true,"href":"https:\/\/passman.co\/hu\/wp-json\/wp\/v2\/users\/2"}],"replies":[{"embeddable":true,"href":"https:\/\/passman.co\/hu\/wp-json\/wp\/v2\/comments?post=6824"}],"version-history":[{"count":65,"href":"https:\/\/passman.co\/hu\/wp-json\/wp\/v2\/pages\/6824\/revisions"}],"predecessor-version":[{"id":8497,"href":"https:\/\/passman.co\/hu\/wp-json\/wp\/v2\/pages\/6824\/revisions\/8497"}],"wp:attachment":[{"href":"https:\/\/passman.co\/hu\/wp-json\/wp\/v2\/media?parent=6824"}],"curies":[{"name":"wp","href":"https:\/\/api.w.org\/{rel}","templated":true}]}}