{"id":731,"date":"2023-02-23T10:27:28","date_gmt":"2023-02-23T10:27:28","guid":{"rendered":"https:\/\/davidtest.passman.co\/?page_id=731"},"modified":"2026-04-28T03:59:49","modified_gmt":"2026-04-28T01:59:49","slug":"szoftverbemutato","status":"publish","type":"page","link":"https:\/\/passman.co\/hu\/szoftverbemutato\/","title":{"rendered":"Szoftverbemutat\u00f3 k\u00e9r\u00e9s"},"content":{"rendered":"\t\t<div data-elementor-type=\"wp-page\" data-elementor-id=\"731\" class=\"elementor elementor-731\" data-elementor-post-type=\"page\">\n\t\t\t\t<div class=\"elementor-element elementor-element-b151f2a e-flex e-con-boxed e-con e-parent\" data-id=\"b151f2a\" data-element_type=\"container\">\n\t\t\t\t\t<div class=\"e-con-inner\">\n\t\t\t\t<div class=\"elementor-element elementor-element-e79cd64 elementor-widget elementor-widget-spacer\" data-id=\"e79cd64\" data-element_type=\"widget\" data-widget_type=\"spacer.default\">\n\t\t\t\t<div class=\"elementor-widget-container\">\n\t\t\t\t\t<div class=\"elementor-spacer\">\n\t\t\t<div class=\"elementor-spacer-inner\"><\/div>\n\t\t<\/div>\n\t\t\t\t<\/div>\n\t\t\t\t<\/div>\n\t\t\t\t\t<\/div>\n\t\t\t\t<\/div>\n\t\t\t\t<section class=\"elementor-section elementor-top-section elementor-element elementor-element-101bff3 elementor-section-height-min-height elementor-section-boxed elementor-section-height-default elementor-section-items-middle\" data-id=\"101bff3\" data-element_type=\"section\" data-settings=\"{&quot;background_background&quot;:&quot;classic&quot;}\">\n\t\t\t\t\t\t<div class=\"elementor-container elementor-column-gap-default\">\n\t\t\t\t\t<div class=\"elementor-column elementor-col-50 elementor-top-column elementor-element elementor-element-b4c46e0\" data-id=\"b4c46e0\" data-element_type=\"column\">\n\t\t\t<div class=\"elementor-widget-wrap elementor-element-populated\">\n\t\t\t\t\t\t<div class=\"elementor-element elementor-element-a01b952 elementor-widget elementor-widget-heading\" data-id=\"a01b952\" data-element_type=\"widget\" data-widget_type=\"heading.default\">\n\t\t\t\t<div class=\"elementor-widget-container\">\n\t\t\t<h1 class=\"elementor-heading-title elementor-size-default\">K\u00e9rj bemutat\u00f3t (30-60 perc)!<\/h1>\t\t<\/div>\n\t\t\t\t<\/div>\n\t\t\t\t<div class=\"elementor-element elementor-element-458200d elementor-widget elementor-widget-text-editor\" data-id=\"458200d\" data-element_type=\"widget\" data-widget_type=\"text-editor.default\">\n\t\t\t\t<div class=\"elementor-widget-container\">\n\t\t\t\t\t\t\t<div class=\"\" data-turn-id-container=\"request-WEB:18027921-6fa2-430b-a2c3-d6e1558d562f-14\" data-is-intersecting=\"true\"><section class=\"text-token-text-primary w-full focus:outline-none [--shadow-height:45px] has-data-writing-block:pointer-events-none has-data-writing-block:-mt-(--shadow-height) has-data-writing-block:pt-(--shadow-height) [&amp;:has([data-writing-block])&gt;*]:pointer-events-auto R6Vx5W_threadScrollVars scroll-mb-[calc(var(--scroll-root-safe-area-inset-bottom,0px)+var(--thread-response-height))] scroll-mt-[calc(var(--header-height)+min(200px,max(70px,20svh)))]\" dir=\"auto\" data-turn-id=\"request-WEB:18027921-6fa2-430b-a2c3-d6e1558d562f-14\" data-testid=\"conversation-turn-6\" data-scroll-anchor=\"false\" data-turn=\"assistant\"><div class=\"text-base my-auto mx-auto pb-10 [--thread-content-margin:var(--thread-content-margin-xs,calc(var(--spacing)*4))] @w-sm\/main:[--thread-content-margin:var(--thread-content-margin-sm,calc(var(--spacing)*6))] @w-lg\/main:[--thread-content-margin:var(--thread-content-margin-lg,calc(var(--spacing)*16))] px-(--thread-content-margin)\"><div class=\"[--thread-content-max-width:40rem] @w-lg\/main:[--thread-content-max-width:48rem] mx-auto max-w-(--thread-content-max-width) flex-1 group\/turn-messages focus-visible:outline-hidden relative flex w-full min-w-0 flex-col agent-turn\"><div class=\"flex max-w-full flex-col gap-4 grow\"><div class=\"min-h-8 text-message relative flex w-full flex-col items-end gap-2 text-start break-words whitespace-normal outline-none keyboard-focused:focus-ring [.text-message+&amp;]:mt-1\" dir=\"auto\" tabindex=\"0\" data-message-author-role=\"assistant\" data-message-id=\"401a41b2-d7fd-44cd-9b56-e2a9e16fa22b\" data-message-model-slug=\"gpt-5-3-mini\" data-turn-start-message=\"true\"><div class=\"flex w-full flex-col gap-1 empty:hidden\"><div class=\"markdown prose dark:prose-invert w-full wrap-break-word dark markdown-new-styling\"><p data-start=\"0\" data-end=\"147\" data-is-last-node=\"\" data-is-only-node=\"\">Koll\u00e9g\u00e1nk egy Teams-meeting keret\u00e9ben, a c\u00e9ged ig\u00e9nyeihez igaz\u00edtva mutatja be a PassMan jelsz\u00f3kezel\u0151t.<\/p><\/div><\/div><\/div><\/div><\/div><\/div><\/section><\/div>\t\t\t\t\t\t<\/div>\n\t\t\t\t<\/div>\n\t\t\t\t<div class=\"elementor-element elementor-element-5a579ec elementor-widget elementor-widget-heading\" data-id=\"5a579ec\" data-element_type=\"widget\" id=\"bemutato\" data-widget_type=\"heading.default\">\n\t\t\t\t<div class=\"elementor-widget-container\">\n\t\t\t<h2 class=\"elementor-heading-title elementor-size-large\">A bemutat\u00f3 el\u0151nyei<\/h2>\t\t<\/div>\n\t\t\t\t<\/div>\n\t\t\t\t<div class=\"elementor-element elementor-element-b5c75d9 elementor-icon-list--layout-traditional elementor-list-item-link-full_width elementor-widget elementor-widget-icon-list\" data-id=\"b5c75d9\" data-element_type=\"widget\" data-widget_type=\"icon-list.default\">\n\t\t\t\t<div class=\"elementor-widget-container\">\n\t\t\t\t\t<ul class=\"elementor-icon-list-items\">\n\t\t\t\t\t\t\t<li class=\"elementor-icon-list-item\">\n\t\t\t\t\t\t\t\t\t\t\t<span class=\"elementor-icon-list-icon\">\n\t\t\t\t\t\t\t<i aria-hidden=\"true\" class=\"far fa-check-circle\"><\/i>\t\t\t\t\t\t<\/span>\n\t\t\t\t\t\t\t\t\t\t<span class=\"elementor-icon-list-text\">Ak\u00e1r otthonr\u00f3l, k\u00e9nyelmesen csatlakozhatsz<\/span>\n\t\t\t\t\t\t\t\t\t<\/li>\n\t\t\t\t\t\t\t\t<li class=\"elementor-icon-list-item\">\n\t\t\t\t\t\t\t\t\t\t\t<span class=\"elementor-icon-list-icon\">\n\t\t\t\t\t\t\t<i aria-hidden=\"true\" class=\"far fa-check-circle\"><\/i>\t\t\t\t\t\t<\/span>\n\t\t\t\t\t\t\t\t\t\t<span class=\"elementor-icon-list-text\">K\u00f6z\u00f6sen megvizsg\u00e1ljuk a r\u00e1tok vonatkoz\u00f3 k\u00f6vetelm\u00e9nyeket<\/span>\n\t\t\t\t\t\t\t\t\t<\/li>\n\t\t\t\t\t\t\t\t<li class=\"elementor-icon-list-item\">\n\t\t\t\t\t\t\t\t\t\t\t<span class=\"elementor-icon-list-icon\">\n\t\t\t\t\t\t\t<i aria-hidden=\"true\" class=\"far fa-check-circle\"><\/i>\t\t\t\t\t\t<\/span>\n\t\t\t\t\t\t\t\t\t\t<span class=\"elementor-icon-list-text\">Megosztott k\u00e9perny\u0151n mutatjuk meg a funkci\u00f3kat<\/span>\n\t\t\t\t\t\t\t\t\t<\/li>\n\t\t\t\t\t\t\t\t<li class=\"elementor-icon-list-item\">\n\t\t\t\t\t\t\t\t\t\t\t<span class=\"elementor-icon-list-icon\">\n\t\t\t\t\t\t\t<i aria-hidden=\"true\" class=\"far fa-check-circle\"><\/i>\t\t\t\t\t\t<\/span>\n\t\t\t\t\t\t\t\t\t\t<span class=\"elementor-icon-list-text\">Minden k\u00e9rd\u00e9sedre k\u00e9szs\u00e9gesen v\u00e1laszolunk<\/span>\n\t\t\t\t\t\t\t\t\t<\/li>\n\t\t\t\t\t\t\t\t<li class=\"elementor-icon-list-item\">\n\t\t\t\t\t\t\t\t\t\t\t<span class=\"elementor-icon-list-icon\">\n\t\t\t\t\t\t\t<i aria-hidden=\"true\" class=\"far fa-check-circle\"><\/i>\t\t\t\t\t\t<\/span>\n\t\t\t\t\t\t\t\t\t\t<span class=\"elementor-icon-list-text\">A bemutat\u00f3 teljesen ingyenes<\/span>\n\t\t\t\t\t\t\t\t\t<\/li>\n\t\t\t\t\t\t<\/ul>\n\t\t\t\t<\/div>\n\t\t\t\t<\/div>\n\t\t\t\t\t<\/div>\n\t\t<\/div>\n\t\t\t\t<div class=\"elementor-column elementor-col-50 elementor-top-column elementor-element elementor-element-784c2f0\" data-id=\"784c2f0\" data-element_type=\"column\" data-settings=\"{&quot;background_background&quot;:&quot;classic&quot;}\">\n\t\t\t<div class=\"elementor-widget-wrap elementor-element-populated\">\n\t\t\t\t\t\t<div class=\"elementor-element elementor-element-24cb1f6 elementor-widget elementor-widget-text-editor\" data-id=\"24cb1f6\" data-element_type=\"widget\" data-widget_type=\"text-editor.default\">\n\t\t\t\t<div class=\"elementor-widget-container\">\n\t\t\t\t\t\t\t<div class=\"wpforms-container wpforms-container-full\" id=\"wpforms-746\"><form id=\"wpforms-form-746\" class=\"wpforms-validate wpforms-form wpforms-ajax-form\" data-formid=\"746\" method=\"post\" enctype=\"multipart\/form-data\" action=\"\/hu\/wp-json\/wp\/v2\/pages\/731\" data-token=\"eb025df0eaa3bb194771d28256d0c4d6\"><noscript class=\"wpforms-error-noscript\">Please enable JavaScript in your browser to complete this form.<\/noscript><div class=\"wpforms-field-container\"><div id=\"wpforms-746-field_1-container\" class=\"wpforms-field wpforms-field-name\" data-field-id=\"1\"><label class=\"wpforms-field-label wpforms-label-hide\" for=\"wpforms-746-field_1\">N\u00e9v <span class=\"wpforms-required-label\">*<\/span><\/label><input type=\"text\" id=\"wpforms-746-field_1\" class=\"wpforms-field-large wpforms-field-required\" name=\"wpforms[fields][1]\" placeholder=\"N\u00e9v*\" required><\/div><div id=\"wpforms-746-field_2-container\" class=\"wpforms-field wpforms-field-email\" data-field-id=\"2\"><label class=\"wpforms-field-label wpforms-label-hide\" for=\"wpforms-746-field_2\">Email c\u00edm <span class=\"wpforms-required-label\">*<\/span><\/label><input type=\"email\" id=\"wpforms-746-field_2\" class=\"wpforms-field-large wpforms-field-required\" name=\"wpforms[fields][2]\" placeholder=\"Email*\" spellcheck=\"false\" required><\/div><div id=\"wpforms-746-field_3-container\" class=\"wpforms-field wpforms-field-text\" data-field-id=\"3\"><label class=\"wpforms-field-label wpforms-label-hide\" for=\"wpforms-746-field_3\">C\u00e9gn\u00e9v <span class=\"wpforms-required-label\">*<\/span><\/label><input type=\"text\" id=\"wpforms-746-field_3\" class=\"wpforms-field-large wpforms-field-required\" name=\"wpforms[fields][3]\" placeholder=\"C\u00e9gn\u00e9v*\" required><\/div><div id=\"wpforms-746-field_4-container\" class=\"wpforms-field wpforms-field-phone\" data-field-id=\"4\"><label class=\"wpforms-field-label wpforms-label-hide\" for=\"wpforms-746-field_4\">Phone <span class=\"wpforms-required-label\">*<\/span><\/label><input type=\"tel\" id=\"wpforms-746-field_4\" class=\"wpforms-field-large wpforms-field-required wpforms-smart-phone-field\" data-rule-smart-phone-field=\"true\" name=\"wpforms[fields][4]\" placeholder=\"Telefonsz\u00e1m*\" required><\/div><div id=\"wpforms-746-field_5-container\" class=\"wpforms-field wpforms-field-checkbox\" data-field-id=\"5\"><label class=\"wpforms-field-label wpforms-label-hide\" for=\"wpforms-746-field_5\">Checkboxes <span class=\"wpforms-required-label\">*<\/span><\/label><ul id=\"wpforms-746-field_5\" class=\"wpforms-field-required\"><li class=\"choice-1 depth-1\"><input type=\"checkbox\" id=\"wpforms-746-field_5_1\" name=\"wpforms[fields][5][]\" value=\"GDPR*\" required ><label class=\"wpforms-field-label-inline\" for=\"wpforms-746-field_5_1\">GDPR*<\/label><\/li><\/ul><div class=\"wpforms-field-description\">Elolvastam \u00e9s tudom\u00e1sul vettem az <a href=\"\/aszf\/\" target=\"_blank\" >\u00c1SZF<\/a> \u00e9s az <a href=\"\/adatkezelesi-tajekoztato\/\" target=\"_blank\" >Adatkezel\u00e9si t\u00e1j\u00e9koztat\u00f3<\/a> tartalm\u00e1t.<\/div><\/div><\/div><!-- .wpforms-field-container --><div class=\"wpforms-recaptcha-container wpforms-is-recaptcha\" ><div class=\"g-recaptcha\" data-sitekey=\"6LcJD1cUAAAAABFHw9Jcy3xYoEEhiNYb9dBbjaPV\"><\/div><input type=\"text\" name=\"g-recaptcha-hidden\" class=\"wpforms-recaptcha-hidden\" style=\"position:absolute!important;clip:rect(0,0,0,0)!important;height:1px!important;width:1px!important;border:0!important;overflow:hidden!important;padding:0!important;margin:0!important;\" data-rule-recaptcha=\"1\"><\/div><div class=\"wpforms-submit-container\" ><input type=\"hidden\" name=\"wpforms[id]\" value=\"746\"><input type=\"hidden\" name=\"wpforms[author]\" value=\"1\"><button type=\"submit\" name=\"wpforms[submit]\" id=\"wpforms-submit-746\" class=\"wpforms-submit\" data-alt-text=\"K\u00e9rlek v\u00e1rj t\u00fcrelemmel!\" data-submit-text=\"Jelentkez\u00e9s\" aria-live=\"assertive\" value=\"wpforms-submit\">Jelentkez\u00e9s<\/button><img decoding=\"async\" src=\"https:\/\/passman.co\/wp-content\/plugins\/wpforms\/assets\/images\/submit-spin.svg\" class=\"wpforms-submit-spinner\" style=\"display: none;\" width=\"26\" height=\"26\" alt=\"Loading\"><\/div><\/form><\/div>  <!-- .wpforms-container -->\t\t\t\t\t\t<\/div>\n\t\t\t\t<\/div>\n\t\t\t\t\t<\/div>\n\t\t<\/div>\n\t\t\t\t\t<\/div>\n\t\t<\/section>\n\t\t<div class=\"elementor-element elementor-element-b582db6 e-flex e-con-boxed e-con e-parent\" data-id=\"b582db6\" data-element_type=\"container\">\n\t\t\t\t\t<div class=\"e-con-inner\">\n\t\t\t\t<div class=\"elementor-element elementor-element-1c0b5f8 elementor-widget elementor-widget-spacer\" data-id=\"1c0b5f8\" data-element_type=\"widget\" data-widget_type=\"spacer.default\">\n\t\t\t\t<div class=\"elementor-widget-container\">\n\t\t\t\t\t<div class=\"elementor-spacer\">\n\t\t\t<div class=\"elementor-spacer-inner\"><\/div>\n\t\t<\/div>\n\t\t\t\t<\/div>\n\t\t\t\t<\/div>\n\t\t\t\t\t<\/div>\n\t\t\t\t<\/div>\n\t\t\t\t<\/div>\n\t\t","protected":false},"excerpt":{"rendered":"<p>K\u00e9rj bemutat\u00f3t (30-60 perc)! Koll\u00e9g\u00e1nk egy Teams-meeting keret\u00e9ben, a c\u00e9ged ig\u00e9nyeihez igaz\u00edtva mutatja be a PassMan jelsz\u00f3kezel\u0151t. A bemutat\u00f3 el\u0151nyei Ak\u00e1r otthonr\u00f3l, k\u00e9nyelmesen csatlakozhatsz K\u00f6z\u00f6sen megvizsg\u00e1ljuk a r\u00e1tok vonatkoz\u00f3 k\u00f6vetelm\u00e9nyeket Megosztott k\u00e9perny\u0151n mutatjuk meg a funkci\u00f3kat Minden k\u00e9rd\u00e9sedre k\u00e9szs\u00e9gesen v\u00e1laszolunk A bemutat\u00f3 teljesen ingyenes<\/p>\n","protected":false},"author":1,"featured_media":0,"parent":0,"menu_order":0,"comment_status":"closed","ping_status":"closed","template":"","meta":{"footnotes":""},"class_list":["post-731","page","type-page","status-publish"],"yoast_head":"<!-- This site is optimized with the Yoast SEO plugin v21.4 - https:\/\/yoast.com\/wordpress\/plugins\/seo\/ -->\n<title>Szoftverbemutat\u00f3 k\u00e9r\u00e9s - PassMan Password Manager<\/title>\n<meta name=\"robots\" content=\"index, follow, max-snippet:-1, max-image-preview:large, max-video-preview:-1\" \/>\n<link rel=\"canonical\" href=\"https:\/\/passman.co\/hu\/szoftverbemutato\/\" \/>\n<meta property=\"og:locale\" content=\"hu_HU\" \/>\n<meta property=\"og:type\" content=\"article\" \/>\n<meta property=\"og:title\" content=\"Szoftverbemutat\u00f3 k\u00e9r\u00e9s - PassMan Password Manager\" \/>\n<meta property=\"og:description\" content=\"K\u00e9rj bemutat\u00f3t (30-60 perc)! Koll\u00e9g\u00e1nk egy Teams-meeting keret\u00e9ben, a c\u00e9ged ig\u00e9nyeihez igaz\u00edtva mutatja be a PassMan jelsz\u00f3kezel\u0151t. A bemutat\u00f3 el\u0151nyei Ak\u00e1r otthonr\u00f3l, k\u00e9nyelmesen csatlakozhatsz K\u00f6z\u00f6sen megvizsg\u00e1ljuk a r\u00e1tok vonatkoz\u00f3 k\u00f6vetelm\u00e9nyeket Megosztott k\u00e9perny\u0151n mutatjuk meg a funkci\u00f3kat Minden k\u00e9rd\u00e9sedre k\u00e9szs\u00e9gesen v\u00e1laszolunk A bemutat\u00f3 teljesen ingyenes\" \/>\n<meta property=\"og:url\" content=\"https:\/\/passman.co\/hu\/szoftverbemutato\/\" \/>\n<meta property=\"og:site_name\" content=\"PassMan Password Manager\" \/>\n<meta property=\"article:modified_time\" content=\"2026-04-28T01:59:49+00:00\" \/>\n<meta name=\"twitter:card\" content=\"summary_large_image\" \/>\n<meta name=\"twitter:label1\" content=\"Becs\u00fclt olvas\u00e1si id\u0151\" \/>\n\t<meta name=\"twitter:data1\" content=\"1 perc\" \/>\n<script type=\"application\/ld+json\" class=\"yoast-schema-graph\">{\"@context\":\"https:\/\/schema.org\",\"@graph\":[{\"@type\":\"WebPage\",\"@id\":\"https:\/\/passman.co\/hu\/szoftverbemutato\/\",\"url\":\"https:\/\/passman.co\/hu\/szoftverbemutato\/\",\"name\":\"Szoftverbemutat\u00f3 k\u00e9r\u00e9s - PassMan Password Manager\",\"isPartOf\":{\"@id\":\"https:\/\/passman.co\/hu\/#website\"},\"datePublished\":\"2023-02-23T10:27:28+00:00\",\"dateModified\":\"2026-04-28T01:59:49+00:00\",\"breadcrumb\":{\"@id\":\"https:\/\/passman.co\/hu\/szoftverbemutato\/#breadcrumb\"},\"inLanguage\":\"hu\",\"potentialAction\":[{\"@type\":\"ReadAction\",\"target\":[\"https:\/\/passman.co\/hu\/szoftverbemutato\/\"]}]},{\"@type\":\"BreadcrumbList\",\"@id\":\"https:\/\/passman.co\/hu\/szoftverbemutato\/#breadcrumb\",\"itemListElement\":[{\"@type\":\"ListItem\",\"position\":1,\"name\":\"Home\",\"item\":\"https:\/\/passman.co\/hu\/\"},{\"@type\":\"ListItem\",\"position\":2,\"name\":\"Szoftverbemutat\u00f3 k\u00e9r\u00e9s\"}]},{\"@type\":\"WebSite\",\"@id\":\"https:\/\/passman.co\/hu\/#website\",\"url\":\"https:\/\/passman.co\/hu\/\",\"name\":\"PassMan Password Manager\",\"description\":\"Complete password protection for businesses\",\"publisher\":{\"@id\":\"https:\/\/passman.co\/hu\/#organization\"},\"potentialAction\":[{\"@type\":\"SearchAction\",\"target\":{\"@type\":\"EntryPoint\",\"urlTemplate\":\"https:\/\/passman.co\/hu\/?s={search_term_string}\"},\"query-input\":\"required name=search_term_string\"}],\"inLanguage\":\"hu\"},{\"@type\":\"Organization\",\"@id\":\"https:\/\/passman.co\/hu\/#organization\",\"name\":\"PassMan Password Manager\",\"url\":\"https:\/\/passman.co\/hu\/\",\"logo\":{\"@type\":\"ImageObject\",\"inLanguage\":\"hu\",\"@id\":\"https:\/\/passman.co\/hu\/#\/schema\/logo\/image\/\",\"url\":\"https:\/\/passman.co\/wp-content\/uploads\/2023\/03\/cropped-passman-logo-fejlec.png\",\"contentUrl\":\"https:\/\/passman.co\/wp-content\/uploads\/2023\/03\/cropped-passman-logo-fejlec.png\",\"width\":50,\"height\":50,\"caption\":\"PassMan Password Manager\"},\"image\":{\"@id\":\"https:\/\/passman.co\/hu\/#\/schema\/logo\/image\/\"}}]}<\/script>\n<!-- \/ Yoast SEO plugin. -->","yoast_head_json":{"title":"Szoftverbemutat\u00f3 k\u00e9r\u00e9s - PassMan Password Manager","robots":{"index":"index","follow":"follow","max-snippet":"max-snippet:-1","max-image-preview":"max-image-preview:large","max-video-preview":"max-video-preview:-1"},"canonical":"https:\/\/passman.co\/hu\/szoftverbemutato\/","og_locale":"hu_HU","og_type":"article","og_title":"Szoftverbemutat\u00f3 k\u00e9r\u00e9s - PassMan Password Manager","og_description":"K\u00e9rj bemutat\u00f3t (30-60 perc)! Koll\u00e9g\u00e1nk egy Teams-meeting keret\u00e9ben, a c\u00e9ged ig\u00e9nyeihez igaz\u00edtva mutatja be a PassMan jelsz\u00f3kezel\u0151t. A bemutat\u00f3 el\u0151nyei Ak\u00e1r otthonr\u00f3l, k\u00e9nyelmesen csatlakozhatsz K\u00f6z\u00f6sen megvizsg\u00e1ljuk a r\u00e1tok vonatkoz\u00f3 k\u00f6vetelm\u00e9nyeket Megosztott k\u00e9perny\u0151n mutatjuk meg a funkci\u00f3kat Minden k\u00e9rd\u00e9sedre k\u00e9szs\u00e9gesen v\u00e1laszolunk A bemutat\u00f3 teljesen ingyenes","og_url":"https:\/\/passman.co\/hu\/szoftverbemutato\/","og_site_name":"PassMan Password Manager","article_modified_time":"2026-04-28T01:59:49+00:00","twitter_card":"summary_large_image","twitter_misc":{"Becs\u00fclt olvas\u00e1si id\u0151":"1 perc"},"schema":{"@context":"https:\/\/schema.org","@graph":[{"@type":"WebPage","@id":"https:\/\/passman.co\/hu\/szoftverbemutato\/","url":"https:\/\/passman.co\/hu\/szoftverbemutato\/","name":"Szoftverbemutat\u00f3 k\u00e9r\u00e9s - PassMan Password Manager","isPartOf":{"@id":"https:\/\/passman.co\/hu\/#website"},"datePublished":"2023-02-23T10:27:28+00:00","dateModified":"2026-04-28T01:59:49+00:00","breadcrumb":{"@id":"https:\/\/passman.co\/hu\/szoftverbemutato\/#breadcrumb"},"inLanguage":"hu","potentialAction":[{"@type":"ReadAction","target":["https:\/\/passman.co\/hu\/szoftverbemutato\/"]}]},{"@type":"BreadcrumbList","@id":"https:\/\/passman.co\/hu\/szoftverbemutato\/#breadcrumb","itemListElement":[{"@type":"ListItem","position":1,"name":"Home","item":"https:\/\/passman.co\/hu\/"},{"@type":"ListItem","position":2,"name":"Szoftverbemutat\u00f3 k\u00e9r\u00e9s"}]},{"@type":"WebSite","@id":"https:\/\/passman.co\/hu\/#website","url":"https:\/\/passman.co\/hu\/","name":"PassMan Password Manager","description":"Complete password protection for businesses","publisher":{"@id":"https:\/\/passman.co\/hu\/#organization"},"potentialAction":[{"@type":"SearchAction","target":{"@type":"EntryPoint","urlTemplate":"https:\/\/passman.co\/hu\/?s={search_term_string}"},"query-input":"required name=search_term_string"}],"inLanguage":"hu"},{"@type":"Organization","@id":"https:\/\/passman.co\/hu\/#organization","name":"PassMan Password Manager","url":"https:\/\/passman.co\/hu\/","logo":{"@type":"ImageObject","inLanguage":"hu","@id":"https:\/\/passman.co\/hu\/#\/schema\/logo\/image\/","url":"https:\/\/passman.co\/wp-content\/uploads\/2023\/03\/cropped-passman-logo-fejlec.png","contentUrl":"https:\/\/passman.co\/wp-content\/uploads\/2023\/03\/cropped-passman-logo-fejlec.png","width":50,"height":50,"caption":"PassMan Password Manager"},"image":{"@id":"https:\/\/passman.co\/hu\/#\/schema\/logo\/image\/"}}]}},"_links":{"self":[{"href":"https:\/\/passman.co\/hu\/wp-json\/wp\/v2\/pages\/731"}],"collection":[{"href":"https:\/\/passman.co\/hu\/wp-json\/wp\/v2\/pages"}],"about":[{"href":"https:\/\/passman.co\/hu\/wp-json\/wp\/v2\/types\/page"}],"author":[{"embeddable":true,"href":"https:\/\/passman.co\/hu\/wp-json\/wp\/v2\/users\/1"}],"replies":[{"embeddable":true,"href":"https:\/\/passman.co\/hu\/wp-json\/wp\/v2\/comments?post=731"}],"version-history":[{"count":67,"href":"https:\/\/passman.co\/hu\/wp-json\/wp\/v2\/pages\/731\/revisions"}],"predecessor-version":[{"id":13031,"href":"https:\/\/passman.co\/hu\/wp-json\/wp\/v2\/pages\/731\/revisions\/13031"}],"wp:attachment":[{"href":"https:\/\/passman.co\/hu\/wp-json\/wp\/v2\/media?parent=731"}],"curies":[{"name":"wp","href":"https:\/\/api.w.org\/{rel}","templated":true}]}}